{"id":36,"date":"2019-12-12T20:21:36","date_gmt":"2019-12-12T20:21:36","guid":{"rendered":"https:\/\/forum.nature-guide-network.eu\/?page_id=36"},"modified":"2019-12-12T20:40:40","modified_gmt":"2019-12-12T20:40:40","slug":"impressum","status":"publish","type":"page","link":"https:\/\/forum.nature-guide-network.eu\/index.php\/impressum\/","title":{"rendered":"IMPRESSUM"},"content":{"rendered":"<p><a href=\"javascript:history.back();\">zur\u00fcck<\/a><\/p>\n<p>HOP Transnationales Netzwerk Oderm\u00fcndung e.V.<\/p>\n<p>Hafenstra\u00dfe 3<br \/>\n17438 Wolgast<br \/>\nDE<\/p>\n<p>Telefon: + 49 178 35 36 37 7<br \/>\nTelefax: + 49 3836 2374385<br \/>\nE-Mail: martin@hop-transnet.org<\/p>\n<p>Registergericht: Amtsgericht Wolgast<br \/>\nRegisternummer: VR VR-Nr. 520<\/p>\n<p>Vorst\u00e4nde: Vorsitzender Ingo Sch\u00fctze Stellv.Vors. Barbara Tluczynski Schatzmeister Sebastian Jacobs<\/p>\n","protected":false},"excerpt":{"rendered":"<p>zur\u00fcck HOP Transnationales Netzwerk Oderm\u00fcndung e.V. Hafenstra\u00dfe 3 17438 Wolgast DE Telefon: + 49 178 35 36 37 7 Telefax: + 49 3836 2374385 E-Mail: martin@hop-transnet.org Registergericht: Amtsgericht Wolgast Registernummer: VR VR-Nr. 520 Vorst\u00e4nde: Vorsitzender Ingo Sch\u00fctze Stellv.Vors. Barbara Tluczynski Schatzmeister Sebastian Jacobs<\/p>\n","protected":false},"author":1,"featured_media":0,"parent":0,"menu_order":0,"comment_status":"closed","ping_status":"closed","template":"","meta":{"_bbp_topic_count":0,"_bbp_reply_count":0,"_bbp_total_topic_count":0,"_bbp_total_reply_count":0,"_bbp_voice_count":0,"_bbp_anonymous_reply_count":0,"_bbp_topic_count_hidden":0,"_bbp_reply_count_hidden":0,"_bbp_forum_subforum_count":0},"_links":{"self":[{"href":"https:\/\/forum.nature-guide-network.eu\/index.php\/wp-json\/wp\/v2\/pages\/36"}],"collection":[{"href":"https:\/\/forum.nature-guide-network.eu\/index.php\/wp-json\/wp\/v2\/pages"}],"about":[{"href":"https:\/\/forum.nature-guide-network.eu\/index.php\/wp-json\/wp\/v2\/types\/page"}],"author":[{"embeddable":true,"href":"https:\/\/forum.nature-guide-network.eu\/index.php\/wp-json\/wp\/v2\/users\/1"}],"replies":[{"embeddable":true,"href":"https:\/\/forum.nature-guide-network.eu\/index.php\/wp-json\/wp\/v2\/comments?post=36"}],"version-history":[{"count":3,"href":"https:\/\/forum.nature-guide-network.eu\/index.php\/wp-json\/wp\/v2\/pages\/36\/revisions"}],"predecessor-version":[{"id":44,"href":"https:\/\/forum.nature-guide-network.eu\/index.php\/wp-json\/wp\/v2\/pages\/36\/revisions\/44"}],"wp:attachment":[{"href":"https:\/\/forum.nature-guide-network.eu\/index.php\/wp-json\/wp\/v2\/media?parent=36"}],"curies":[{"name":"wp","href":"https:\/\/api.w.org\/{rel}","templated":true}]}}